{"id":32,"date":"2024-02-28T12:34:39","date_gmt":"2024-02-28T12:34:39","guid":{"rendered":"https:\/\/objective-swirles.202-61-248-153.plesk.page\/?page_id=32"},"modified":"2024-03-25T11:25:17","modified_gmt":"2024-03-25T11:25:17","slug":"home","status":"publish","type":"page","link":"https:\/\/objective-swirles.202-61-248-153.plesk.page\/","title":{"rendered":"Home"},"content":{"rendered":"\t\t<div data-elementor-type=\"wp-page\" data-elementor-id=\"32\" class=\"elementor elementor-32\">\n\t\t\t\t\t\t<section class=\"elementor-section elementor-top-section elementor-element elementor-element-e45140d elementor-section-content-middle elementor-section-boxed elementor-section-height-default elementor-section-height-default\" data-id=\"e45140d\" data-element_type=\"section\">\n\t\t\t\t\t\t<div class=\"elementor-container elementor-column-gap-default\">\n\t\t\t\t\t<div class=\"elementor-column elementor-col-50 elementor-top-column elementor-element elementor-element-587541b\" data-id=\"587541b\" data-element_type=\"column\">\n\t\t\t<div class=\"elementor-widget-wrap elementor-element-populated\">\n\t\t\t\t\t\t<div class=\"elementor-element elementor-element-9de0dce elementor-widget elementor-widget-heading\" data-id=\"9de0dce\" data-element_type=\"widget\" data-widget_type=\"heading.default\">\n\t\t\t\t<div class=\"elementor-widget-container\">\n\t\t\t<style>\/*! elementor - v3.19.0 - 26-02-2024 *\/\n.elementor-heading-title{padding:0;margin:0;line-height:1}.elementor-widget-heading .elementor-heading-title[class*=elementor-size-]>a{color:inherit;font-size:inherit;line-height:inherit}.elementor-widget-heading .elementor-heading-title.elementor-size-small{font-size:15px}.elementor-widget-heading .elementor-heading-title.elementor-size-medium{font-size:19px}.elementor-widget-heading .elementor-heading-title.elementor-size-large{font-size:29px}.elementor-widget-heading .elementor-heading-title.elementor-size-xl{font-size:39px}.elementor-widget-heading .elementor-heading-title.elementor-size-xxl{font-size:59px}<\/style><h1 class=\"elementor-heading-title elementor-size-default\">Rocke <br\/>das <span class=\"orange\">Reel<\/span><\/h1>\t\t<\/div>\n\t\t\t\t<\/div>\n\t\t\t\t\t<\/div>\n\t\t<\/div>\n\t\t\t\t<div class=\"elementor-column elementor-col-50 elementor-top-column elementor-element elementor-element-d876f6a\" data-id=\"d876f6a\" data-element_type=\"column\">\n\t\t\t<div class=\"elementor-widget-wrap elementor-element-populated\">\n\t\t\t\t\t\t<div class=\"elementor-element elementor-element-59d62d1 elementor-widget elementor-widget-image\" data-id=\"59d62d1\" data-element_type=\"widget\" data-widget_type=\"image.default\">\n\t\t\t\t<div class=\"elementor-widget-container\">\n\t\t\t<style>\/*! elementor - v3.19.0 - 26-02-2024 *\/\n.elementor-widget-image{text-align:center}.elementor-widget-image a{display:inline-block}.elementor-widget-image a img[src$=\".svg\"]{width:48px}.elementor-widget-image img{vertical-align:middle;display:inline-block}<\/style>\t\t\t\t\t\t\t\t\t\t<img fetchpriority=\"high\" decoding=\"async\" width=\"250\" height=\"300\" src=\"https:\/\/objective-swirles.202-61-248-153.plesk.page\/wp-content\/uploads\/2024\/02\/Phone-250x300.png\" class=\"attachment-medium size-medium wp-image-40\" alt=\"\" srcset=\"https:\/\/objective-swirles.202-61-248-153.plesk.page\/wp-content\/uploads\/2024\/02\/Phone-250x300.png 250w, https:\/\/objective-swirles.202-61-248-153.plesk.page\/wp-content\/uploads\/2024\/02\/Phone.png 445w\" sizes=\"(max-width: 250px) 100vw, 250px\" \/>\t\t\t\t\t\t\t\t\t\t\t\t\t<\/div>\n\t\t\t\t<\/div>\n\t\t\t\t\t<\/div>\n\t\t<\/div>\n\t\t\t\t\t<\/div>\n\t\t<\/section>\n\t\t\t\t<section class=\"elementor-section elementor-top-section elementor-element elementor-element-c18e960 elementor-section-content-bottom elementor-reverse-mobile elementor-section-boxed elementor-section-height-default elementor-section-height-default\" data-id=\"c18e960\" data-element_type=\"section\">\n\t\t\t\t\t\t<div class=\"elementor-container elementor-column-gap-default\">\n\t\t\t\t\t<div class=\"elementor-column elementor-col-50 elementor-top-column elementor-element elementor-element-c07b4c9\" data-id=\"c07b4c9\" data-element_type=\"column\">\n\t\t\t<div class=\"elementor-widget-wrap elementor-element-populated\">\n\t\t\t\t\t\t<div class=\"elementor-element elementor-element-0d11567 elementor-widget elementor-widget-image\" data-id=\"0d11567\" data-element_type=\"widget\" data-widget_type=\"image.default\">\n\t\t\t\t<div class=\"elementor-widget-container\">\n\t\t\t\t\t\t\t\t\t\t\t\t\t<img decoding=\"async\" src=\"https:\/\/objective-swirles.202-61-248-153.plesk.page\/wp-content\/uploads\/elementor\/thumbs\/Hajo-Ofenheld-qkh3cze27nypiw2wtxfce45ary0mhhrr1qznjr3gn2.png\" title=\"Hajo-Ofenheld\" alt=\"Hajo-Ofenheld\" loading=\"lazy\" \/>\t\t\t\t\t\t\t\t\t\t\t\t\t<\/div>\n\t\t\t\t<\/div>\n\t\t\t\t\t<\/div>\n\t\t<\/div>\n\t\t\t\t<div class=\"elementor-column elementor-col-50 elementor-top-column elementor-element elementor-element-b83bdbd\" data-id=\"b83bdbd\" data-element_type=\"column\">\n\t\t\t<div class=\"elementor-widget-wrap elementor-element-populated\">\n\t\t\t\t\t\t<div class=\"elementor-element elementor-element-0b4d18e elementor-widget elementor-widget-heading\" data-id=\"0b4d18e\" data-element_type=\"widget\" data-widget_type=\"heading.default\">\n\t\t\t\t<div class=\"elementor-widget-container\">\n\t\t\t<h2 class=\"elementor-heading-title elementor-size-default\">Hey Ofenheldin, hey Ofenheld! <\/h2>\t\t<\/div>\n\t\t\t\t<\/div>\n\t\t\t\t<div class=\"elementor-element elementor-element-e922159 elementor-widget elementor-widget-text-editor\" data-id=\"e922159\" data-element_type=\"widget\" data-widget_type=\"text-editor.default\">\n\t\t\t\t<div class=\"elementor-widget-container\">\n\t\t\t<style>\/*! elementor - v3.19.0 - 26-02-2024 *\/\n.elementor-widget-text-editor.elementor-drop-cap-view-stacked .elementor-drop-cap{background-color:#69727d;color:#fff}.elementor-widget-text-editor.elementor-drop-cap-view-framed .elementor-drop-cap{color:#69727d;border:3px solid;background-color:transparent}.elementor-widget-text-editor:not(.elementor-drop-cap-view-default) .elementor-drop-cap{margin-top:8px}.elementor-widget-text-editor:not(.elementor-drop-cap-view-default) .elementor-drop-cap-letter{width:1em;height:1em}.elementor-widget-text-editor .elementor-drop-cap{float:left;text-align:center;line-height:1;font-size:50px}.elementor-widget-text-editor .elementor-drop-cap-letter{display:inline-block}<\/style>\t\t\t\t<p>Bist du bereit f\u00fcr eine coole Aktion? Zeig uns deine Skills, kassiere 20 Euro und gewinne mit etwas Gl\u00fcck ein iPad!<\/p><p>Schnapp\u2018 dir dein Smartphone und zeig\u2018 uns deinen Alltag in einem Reel. Damit machst du deinen Beruf mega bekannt. F\u00fcr jedes von dir gepostete Reel gibt es 20 Euro. Und wenn wir ein Reel von dir teilen nochmals 20 Euro obendrauf. Und mit jedem von uns geteilten Reel nimmst du automatisch an unserer Verlosung eines iPads teil. Schlusstermin f\u00fcr deine Reels ist der <span class=\"fett\">10. August 2024.<\/span> <br \/>Einreichungen nach dem 10. August nehmen automatisch an der n\u00e4chsten Verlosung teil.<\/p>\t\t\t\t\t\t<\/div>\n\t\t\t\t<\/div>\n\t\t\t\t\t<\/div>\n\t\t<\/div>\n\t\t\t\t\t<\/div>\n\t\t<\/section>\n\t\t\t\t<section class=\"elementor-section elementor-top-section elementor-element elementor-element-3dec0fa elementor-reverse-mobile elementor-section-boxed elementor-section-height-default elementor-section-height-default\" data-id=\"3dec0fa\" data-element_type=\"section\" data-settings=\"{&quot;background_background&quot;:&quot;classic&quot;}\">\n\t\t\t\t\t\t<div class=\"elementor-container elementor-column-gap-default\">\n\t\t\t\t\t<div class=\"elementor-column elementor-col-50 elementor-top-column elementor-element elementor-element-6e176b3\" data-id=\"6e176b3\" data-element_type=\"column\">\n\t\t\t<div class=\"elementor-widget-wrap elementor-element-populated\">\n\t\t\t\t\t\t<div class=\"elementor-element elementor-element-2f7c58a elementor-widget elementor-widget-heading\" data-id=\"2f7c58a\" data-element_type=\"widget\" data-widget_type=\"heading.default\">\n\t\t\t\t<div class=\"elementor-widget-container\">\n\t\t\t<h2 class=\"elementor-heading-title elementor-size-default\">Wie du mitmachst:<\/h2>\t\t<\/div>\n\t\t\t\t<\/div>\n\t\t\t\t<div class=\"elementor-element elementor-element-768ee7e elementor-widget elementor-widget-heading\" data-id=\"768ee7e\" data-element_type=\"widget\" data-widget_type=\"heading.default\">\n\t\t\t\t<div class=\"elementor-widget-container\">\n\t\t\t<h3 class=\"elementor-heading-title elementor-size-default\">1. Sei kreativ<\/h3>\t\t<\/div>\n\t\t\t\t<\/div>\n\t\t\t\t<div class=\"elementor-element elementor-element-2bc88ac elementor-widget elementor-widget-text-editor\" data-id=\"2bc88ac\" data-element_type=\"widget\" data-widget_type=\"text-editor.default\">\n\t\t\t\t<div class=\"elementor-widget-container\">\n\t\t\t\t\t\t\t<p>Zeig\u2019 uns spannende oder lustige Momente, z. B. deine ersten Versuche und Ergebnisse beim Kacheln oder Mauern.<br \/>Du kannst z. B. mit Zeitraffern arbeiten, mal nah ranzoomen, mal weiter weg und Emojis oder Icons nutzen.<br \/>Und am Ende dein Highlight: Einen Ofen, den du mitgestaltet hast! Ein Shot deines Meisterwerks. Bitte mit oder ohne Ton und mit coolen Texten im Bild.<\/p><ul class=\"checkliste\"><li>Dein Reel sollte mindestens 3 bewegte Szenen haben.<\/li><li>Es sollte mindestens 15 Sekunden lang sein.<\/li><li>Enth\u00e4lt das Reel Sprachaufnahmen, sollten sie gut verst\u00e4ndlich sein.<\/li><li>Wenn du Musik einsetzt, nutze nur Copyright-freie St\u00fccke, um rechtssicher zu sein. Ansonsten lasse sie einfach weg.<\/li><\/ul>\t\t\t\t\t\t<\/div>\n\t\t\t\t<\/div>\n\t\t\t\t\t<\/div>\n\t\t<\/div>\n\t\t\t\t<div class=\"elementor-column elementor-col-50 elementor-top-column elementor-element elementor-element-38b26be\" data-id=\"38b26be\" data-element_type=\"column\" data-settings=\"{&quot;background_background&quot;:&quot;classic&quot;}\">\n\t\t\t<div class=\"elementor-widget-wrap elementor-element-populated\">\n\t\t\t\t\t<div class=\"elementor-background-overlay\"><\/div>\n\t\t\t\t\t\t<div class=\"elementor-element elementor-element-800b37e elementor-widget elementor-widget-spacer\" data-id=\"800b37e\" data-element_type=\"widget\" data-widget_type=\"spacer.default\">\n\t\t\t\t<div class=\"elementor-widget-container\">\n\t\t\t<style>\/*! elementor - v3.19.0 - 26-02-2024 *\/\n.elementor-column .elementor-spacer-inner{height:var(--spacer-size)}.e-con{--container-widget-width:100%}.e-con-inner>.elementor-widget-spacer,.e-con>.elementor-widget-spacer{width:var(--container-widget-width,var(--spacer-size));--align-self:var(--container-widget-align-self,initial);--flex-shrink:0}.e-con-inner>.elementor-widget-spacer>.elementor-widget-container,.e-con>.elementor-widget-spacer>.elementor-widget-container{height:100%;width:100%}.e-con-inner>.elementor-widget-spacer>.elementor-widget-container>.elementor-spacer,.e-con>.elementor-widget-spacer>.elementor-widget-container>.elementor-spacer{height:100%}.e-con-inner>.elementor-widget-spacer>.elementor-widget-container>.elementor-spacer>.elementor-spacer-inner,.e-con>.elementor-widget-spacer>.elementor-widget-container>.elementor-spacer>.elementor-spacer-inner{height:var(--container-widget-height,var(--spacer-size))}.e-con-inner>.elementor-widget-spacer.elementor-widget-empty,.e-con>.elementor-widget-spacer.elementor-widget-empty{position:relative;min-height:22px;min-width:22px}.e-con-inner>.elementor-widget-spacer.elementor-widget-empty .elementor-widget-empty-icon,.e-con>.elementor-widget-spacer.elementor-widget-empty .elementor-widget-empty-icon{position:absolute;top:0;bottom:0;left:0;right:0;margin:auto;padding:0;width:22px;height:22px}<\/style>\t\t<div class=\"elementor-spacer\">\n\t\t\t<div class=\"elementor-spacer-inner\"><\/div>\n\t\t<\/div>\n\t\t\t\t<\/div>\n\t\t\t\t<\/div>\n\t\t\t\t\t<\/div>\n\t\t<\/div>\n\t\t\t\t\t<\/div>\n\t\t<\/section>\n\t\t\t\t<section class=\"elementor-section elementor-top-section elementor-element elementor-element-c528a2a elementor-section-content-middle elementor-section-boxed elementor-section-height-default elementor-section-height-default\" data-id=\"c528a2a\" data-element_type=\"section\">\n\t\t\t\t\t\t<div class=\"elementor-container elementor-column-gap-default\">\n\t\t\t\t\t<div class=\"elementor-column elementor-col-50 elementor-top-column elementor-element elementor-element-08cb9b1\" data-id=\"08cb9b1\" data-element_type=\"column\" data-settings=\"{&quot;background_background&quot;:&quot;classic&quot;}\">\n\t\t\t<div class=\"elementor-widget-wrap elementor-element-populated\">\n\t\t\t\t\t<div class=\"elementor-background-overlay\"><\/div>\n\t\t\t\t\t\t<div class=\"elementor-element elementor-element-4df6bba elementor-widget elementor-widget-spacer\" data-id=\"4df6bba\" data-element_type=\"widget\" data-widget_type=\"spacer.default\">\n\t\t\t\t<div class=\"elementor-widget-container\">\n\t\t\t\t\t<div class=\"elementor-spacer\">\n\t\t\t<div class=\"elementor-spacer-inner\"><\/div>\n\t\t<\/div>\n\t\t\t\t<\/div>\n\t\t\t\t<\/div>\n\t\t\t\t\t<\/div>\n\t\t<\/div>\n\t\t\t\t<div class=\"elementor-column elementor-col-50 elementor-top-column elementor-element elementor-element-ef47ee5\" data-id=\"ef47ee5\" data-element_type=\"column\">\n\t\t\t<div class=\"elementor-widget-wrap elementor-element-populated\">\n\t\t\t\t\t\t<div class=\"elementor-element elementor-element-1880516 elementor-widget elementor-widget-heading\" data-id=\"1880516\" data-element_type=\"widget\" data-widget_type=\"heading.default\">\n\t\t\t\t<div class=\"elementor-widget-container\">\n\t\t\t<h3 class=\"elementor-heading-title elementor-size-default\">2. So geht's<\/h3>\t\t<\/div>\n\t\t\t\t<\/div>\n\t\t\t\t<div class=\"elementor-element elementor-element-0c0d66e elementor-widget elementor-widget-text-editor\" data-id=\"0c0d66e\" data-element_type=\"widget\" data-widget_type=\"text-editor.default\">\n\t\t\t\t<div class=\"elementor-widget-container\">\n\t\t\t\t\t\t\t<ol class=\"aufzaehlung\"><li>Poste dein Reel auf deinem eigenen Insta-Account oder zus\u00e4tzlich auf TikTok unter den Hashtags: #ofenhelden und #ofenreel<\/li><li>Lade #ofenhelden als Co-Autor ein. Wenn du nicht wei\u00dft, wie du einen Co-Autoren einladen kannst, <a href=\"#link-anleitung\">klicke hier<\/a><\/li><li>M\u00f6chtest du dein(e) Reel(s) nicht in deinem Profil posten, lade es\/sie <a href=\"#reel-einreichen\">hier hoch<\/a><\/li><li>Wir schauen uns jedes Reel an und pr\u00fcfen, ob es den Anforderungen entspricht und akzeptieren dann deine Co-Autoren-Anfrage.<\/li><\/ol>\t\t\t\t\t\t<\/div>\n\t\t\t\t<\/div>\n\t\t\t\t\t<\/div>\n\t\t<\/div>\n\t\t\t\t\t<\/div>\n\t\t<\/section>\n\t\t\t\t<section class=\"elementor-section elementor-top-section elementor-element elementor-element-f498832 elementor-section-content-middle elementor-reverse-mobile elementor-section-boxed elementor-section-height-default elementor-section-height-default\" data-id=\"f498832\" data-element_type=\"section\" data-settings=\"{&quot;background_background&quot;:&quot;classic&quot;}\">\n\t\t\t\t\t\t<div class=\"elementor-container elementor-column-gap-default\">\n\t\t\t\t\t<div class=\"elementor-column elementor-col-50 elementor-top-column elementor-element elementor-element-0487d6d\" data-id=\"0487d6d\" data-element_type=\"column\">\n\t\t\t<div class=\"elementor-widget-wrap elementor-element-populated\">\n\t\t\t\t\t\t<div class=\"elementor-element elementor-element-36d04af elementor-widget elementor-widget-heading\" data-id=\"36d04af\" data-element_type=\"widget\" data-widget_type=\"heading.default\">\n\t\t\t\t<div class=\"elementor-widget-container\">\n\t\t\t<h3 class=\"elementor-heading-title elementor-size-default\">3. Reel posten, bis 10. August bei uns einreichen und gewinnen<\/h3>\t\t<\/div>\n\t\t\t\t<\/div>\n\t\t\t\t<div class=\"elementor-element elementor-element-11f9a6d elementor-widget elementor-widget-text-editor\" data-id=\"11f9a6d\" data-element_type=\"widget\" data-widget_type=\"text-editor.default\">\n\t\t\t\t<div class=\"elementor-widget-container\">\n\t\t\t\t\t\t\t<ul class=\"hashtags\"><li>F\u00fcr jedes von dir gepostete Reel erh\u00e4ltst du 20 Euro (dazu ben\u00f6tigen wir von dir eine Rechnung \u00fcber 20 Euro).<\/li><li>Akzeptieren wir deine Co-Autoren-Anfrage oder posten wir dein hier auf der Website hochgeladenes Reel, dann erh\u00e4ltst du von uns eine Nachricht und bekommst nochmals 20 Euro! (auch hierf\u00fcr ben\u00f6tigen wir von dir eine Rechnung \u00fcber 20 Euro).<\/li><\/ul><p><a href=\"#\">Hier Rechnungsformular runterladen<\/a><\/p><p>Das heisst: Du kannst 40 Euro verdienen und so deine Azubikasse auffrischen.<\/p><p>Und das Beste: Du nimmst mit jedem von uns geteilten Reel automatisch an unserer Verlosung teil und kannst ein iPad gewinnen.<\/p><p>Die Verlosung findet zum Schuljahresende statt. Schlusstermin f\u00fcr deine Reels ist der 10. August 2024.\u00a0<br \/><span style=\"color: var( --e-global-color-secondary ); font-family: var( --e-global-typography-text-font-family ), Sans-serif; font-size: var( --e-global-typography-text-font-size ); font-weight: var( --e-global-typography-text-font-weight ); background-color: var( --e-global-color-primary );\">Einreichungen nach dem 10. August nehmen automatisch an der n\u00e4chsten Verlosung teil.<\/span><\/p>\t\t\t\t\t\t<\/div>\n\t\t\t\t<\/div>\n\t\t\t\t\t<\/div>\n\t\t<\/div>\n\t\t\t\t<div class=\"elementor-column elementor-col-50 elementor-top-column elementor-element elementor-element-43c94cc\" data-id=\"43c94cc\" data-element_type=\"column\" data-settings=\"{&quot;background_background&quot;:&quot;classic&quot;}\">\n\t\t\t<div class=\"elementor-widget-wrap elementor-element-populated\">\n\t\t\t\t\t<div class=\"elementor-background-overlay\"><\/div>\n\t\t\t\t\t\t<div class=\"elementor-element elementor-element-0b9a464 elementor-widget elementor-widget-spacer\" data-id=\"0b9a464\" data-element_type=\"widget\" data-widget_type=\"spacer.default\">\n\t\t\t\t<div class=\"elementor-widget-container\">\n\t\t\t\t\t<div class=\"elementor-spacer\">\n\t\t\t<div class=\"elementor-spacer-inner\"><\/div>\n\t\t<\/div>\n\t\t\t\t<\/div>\n\t\t\t\t<\/div>\n\t\t\t\t\t<\/div>\n\t\t<\/div>\n\t\t\t\t\t<\/div>\n\t\t<\/section>\n\t\t\t\t<section class=\"elementor-section elementor-top-section elementor-element elementor-element-acf8485 elementor-section-content-middle elementor-section-boxed elementor-section-height-default elementor-section-height-default\" data-id=\"acf8485\" data-element_type=\"section\">\n\t\t\t\t\t\t<div class=\"elementor-container elementor-column-gap-default\">\n\t\t\t\t\t<div class=\"elementor-column elementor-col-50 elementor-top-column elementor-element elementor-element-d84eecb\" data-id=\"d84eecb\" data-element_type=\"column\" data-settings=\"{&quot;background_background&quot;:&quot;classic&quot;}\">\n\t\t\t<div class=\"elementor-widget-wrap elementor-element-populated\">\n\t\t\t\t\t<div class=\"elementor-background-overlay\"><\/div>\n\t\t\t\t\t\t<div class=\"elementor-element elementor-element-d9f83e2 elementor-widget elementor-widget-spacer\" data-id=\"d9f83e2\" data-element_type=\"widget\" data-widget_type=\"spacer.default\">\n\t\t\t\t<div class=\"elementor-widget-container\">\n\t\t\t\t\t<div class=\"elementor-spacer\">\n\t\t\t<div class=\"elementor-spacer-inner\"><\/div>\n\t\t<\/div>\n\t\t\t\t<\/div>\n\t\t\t\t<\/div>\n\t\t\t\t\t<\/div>\n\t\t<\/div>\n\t\t\t\t<div class=\"elementor-column elementor-col-50 elementor-top-column elementor-element elementor-element-3ed2009\" data-id=\"3ed2009\" data-element_type=\"column\">\n\t\t\t<div class=\"elementor-widget-wrap elementor-element-populated\">\n\t\t\t\t\t\t<div class=\"elementor-element elementor-element-1b8c6df elementor-widget elementor-widget-heading\" data-id=\"1b8c6df\" data-element_type=\"widget\" data-widget_type=\"heading.default\">\n\t\t\t\t<div class=\"elementor-widget-container\">\n\t\t\t<h3 class=\"elementor-heading-title elementor-size-default\">4. Mehr Reels, mehr Chance<\/h3>\t\t<\/div>\n\t\t\t\t<\/div>\n\t\t\t\t<div class=\"elementor-element elementor-element-b8a4ef3 elementor-widget elementor-widget-text-editor\" data-id=\"b8a4ef3\" data-element_type=\"widget\" data-widget_type=\"text-editor.default\">\n\t\t\t\t<div class=\"elementor-widget-container\">\n\t\t\t\t\t\t\t<p>Je mehr Reels wir von dir bekommen und ver\u00f6ffentlichen, desto mehr kannst du dir dazuverdienen und deine Chance auf ein brandneues iPad erh\u00f6hen.\u00a0<\/p>\t\t\t\t\t\t<\/div>\n\t\t\t\t<\/div>\n\t\t\t\t\t<\/div>\n\t\t<\/div>\n\t\t\t\t\t<\/div>\n\t\t<\/section>\n\t\t\t\t<section class=\"elementor-section elementor-top-section elementor-element elementor-element-cae16bb elementor-section-boxed elementor-section-height-default elementor-section-height-default\" data-id=\"cae16bb\" data-element_type=\"section\">\n\t\t\t\t\t\t<div class=\"elementor-container elementor-column-gap-default\">\n\t\t\t\t\t<div class=\"elementor-column elementor-col-100 elementor-top-column elementor-element elementor-element-5cbbce5\" data-id=\"5cbbce5\" data-element_type=\"column\">\n\t\t\t<div class=\"elementor-widget-wrap elementor-element-populated\">\n\t\t\t\t\t\t<div class=\"elementor-element elementor-element-25317db elementor-widget elementor-widget-heading\" data-id=\"25317db\" data-element_type=\"widget\" data-widget_type=\"heading.default\">\n\t\t\t\t<div class=\"elementor-widget-container\">\n\t\t\t<p class=\"elementor-heading-title elementor-size-default\">TEILNAHMEBEDINGUNGEN<\/p>\t\t<\/div>\n\t\t\t\t<\/div>\n\t\t\t\t<div class=\"elementor-element elementor-element-3842d41 elementor-widget elementor-widget-text-editor\" data-id=\"3842d41\" data-element_type=\"widget\" data-widget_type=\"text-editor.default\">\n\t\t\t\t<div class=\"elementor-widget-container\">\n\t\t\t\t\t\t\t<p>Teilnahmeberechtigt sind ausschlie\u00dflich Auszubildende im Beruf des Ofen- und Luftheizungsbauers mit g\u00fcltigem Ausbildungsvertrag, die die Kontaktdaten ihres Betriebes angeben. Der Rechtsweg ist ausgeschlossen.<\/p>\t\t\t\t\t\t<\/div>\n\t\t\t\t<\/div>\n\t\t\t\t\t<\/div>\n\t\t<\/div>\n\t\t\t\t\t<\/div>\n\t\t<\/section>\n\t\t\t\t<\/div>\n\t\t","protected":false},"excerpt":{"rendered":"<p>Rocke das Reel Hey Ofenheldin, hey Ofenheld! Bist du bereit f\u00fcr eine coole Aktion? Zeig uns deine Skills, kassiere 20 Euro und gewinne mit etwas Gl\u00fcck ein iPad! Schnapp\u2018 dir dein Smartphone und zeig\u2018 uns deinen Alltag in einem Reel. Damit machst du deinen Beruf mega bekannt. F\u00fcr jedes von dir gepostete Reel gibt es [&hellip;]<\/p>\n","protected":false},"author":1,"featured_media":0,"parent":0,"menu_order":0,"comment_status":"closed","ping_status":"closed","template":"","meta":{"inline_featured_image":false,"footnotes":""},"class_list":["post-32","page","type-page","status-publish","hentry"],"_links":{"self":[{"href":"https:\/\/objective-swirles.202-61-248-153.plesk.page\/index.php\/wp-json\/wp\/v2\/pages\/32","targetHints":{"allow":["GET"]}}],"collection":[{"href":"https:\/\/objective-swirles.202-61-248-153.plesk.page\/index.php\/wp-json\/wp\/v2\/pages"}],"about":[{"href":"https:\/\/objective-swirles.202-61-248-153.plesk.page\/index.php\/wp-json\/wp\/v2\/types\/page"}],"author":[{"embeddable":true,"href":"https:\/\/objective-swirles.202-61-248-153.plesk.page\/index.php\/wp-json\/wp\/v2\/users\/1"}],"replies":[{"embeddable":true,"href":"https:\/\/objective-swirles.202-61-248-153.plesk.page\/index.php\/wp-json\/wp\/v2\/comments?post=32"}],"version-history":[{"count":82,"href":"https:\/\/objective-swirles.202-61-248-153.plesk.page\/index.php\/wp-json\/wp\/v2\/pages\/32\/revisions"}],"predecessor-version":[{"id":211,"href":"https:\/\/objective-swirles.202-61-248-153.plesk.page\/index.php\/wp-json\/wp\/v2\/pages\/32\/revisions\/211"}],"wp:attachment":[{"href":"https:\/\/objective-swirles.202-61-248-153.plesk.page\/index.php\/wp-json\/wp\/v2\/media?parent=32"}],"curies":[{"name":"wp","href":"https:\/\/api.w.org\/{rel}","templated":true}]}}